{"id":2355,"date":"2017-05-25T22:50:16","date_gmt":"2017-05-25T22:50:16","guid":{"rendered":"http:\/\/www.constru-imos.com.ar\/empresa-constructora-buenos-aires\/?page_id=2355"},"modified":"2017-08-21T18:47:33","modified_gmt":"2017-08-21T21:47:33","slug":"faq","status":"publish","type":"page","link":"https:\/\/www.constru-imos.com.ar\/empresa-constructora-buenos-aires\/faq\/","title":{"rendered":"Preguntas frecuentes"},"content":{"rendered":"<div id=\"pl-2355\"  class=\"panel-layout\" ><div id=\"pg-2355-0\"  class=\"panel-grid panel-no-style\" ><div id=\"pgc-2355-0-0\"  class=\"panel-grid-cell\" ><div id=\"panel-2355-0-0-0\" class=\"so-panel widget widget_black-studio-tinymce widget_black_studio_tinymce panel-first-child panel-last-child\" data-index=\"0\" ><div class=\"panel-widget-style panel-widget-style-for-2355-0-0-0\" ><div class=\"textwidget\"><h4 class=\"alternative-heading\">\u00bfQu\u00e9 tipo de construcciones y obras realizan?<\/h4>\n<p>Nuestra empresa opera en construcciones desde 1971, en obras p\u00fablicas y privadas de distintas caracter\u00edsticas: edificios para viviendas, en propiedad horizontal, obras industriales, locales, oficinas, barrios, f\u00e1bricas, sanatorios, bancos, escuelas, viviendas, hoteles, etc.<\/p>\n<h4 class=\"alternative-heading\">\u00bfEn qu\u00e9 lugares construyen?<\/h4>\n<p>En\u00a0Ciudad de Buenos Aires y Provincia de Buenos Aires<\/p>\n<h4 class=\"alternative-heading\">\u00bfQu\u00e9 experiencias tienen?<\/h4>\n<p>Constru-Imos cuenta con m\u00e1s de 45 a\u00f1os de experiencia en construcci\u00f3n e inspecci\u00f3n de todo tipo de obras civiles, p\u00fablicas y privadas.<\/p>\n<h4 class=\"alternative-heading\">\u00bfQu\u00e9 tarifas y modalidades de construcciones ofrecen?<\/h4>\n<p>En construcci\u00f3n nuestros presupuestos se realizan con base en planos. Las modalidades de construcci\u00f3n principalmente son construcci\u00f3n a monto fijo (llave en mano) o por administraci\u00f3n. En este \u00faltimo caso la empresa cobra un porcentaje del valor de la obra dependiendo de su ubicaci\u00f3n, \u00e1rea de construcci\u00f3n y complejidad.<\/p>\n<h4 class=\"alternative-heading\">\u00bfRealizan proyecto y direcci\u00f3n de obras?<\/h4>\n<p>S\u00ed. Realizamos proyecto, direcci\u00f3n y construcci\u00f3n, pudiendo realizar cualquiera de estos \u00edtems de forma independiente.<\/p>\n<\/div><\/div><\/div><\/div><div id=\"pgc-2355-0-1\"  class=\"panel-grid-cell\" ><div id=\"panel-2355-0-1-0\" class=\"so-panel widget widget_black-studio-tinymce widget_black_studio_tinymce panel-first-child panel-last-child\" data-index=\"1\" ><div class=\"panel-widget-style panel-widget-style-for-2355-0-1-0\" ><div class=\"textwidget\"><h4 class=\"alternative-heading\">\u00bfRealizan remodelaciones y refacciones?<\/h4>\n<p>S\u00ed. Realizamos refacciones y remodelaciones de casas, locales comerciales, oficinas y edificios industriales, entre otros.<\/p>\n<h4 class=\"alternative-heading\">\u00bfC\u00f3mo es el tiempo de respuesta por parte de la empresa a un cliente?<\/h4>\n<p>Nuestra empresa se caracteriza por concluir sus proyectos en el menor lapso posible, sin dejar de lado la calidad en la entrega.<\/p>\n<div id=\"texto-faq\">\n<h4 class=\"alternative-heading\">\u00bfCu\u00e1l es el costo por m2?<\/h4>\n<p>Todo presupuesto depende del tipo de construcci\u00f3n, ubicaci\u00f3n de la obra y tiempos requeridos para realizar el proyecto. Es por eso que para dar certeza del costo por m2 del proyecto que quiere realizar, debemos realizar un presupuesto a medida.<\/p>\n<\/div>\n<div>\n<h4 class=\"alternative-heading\">\u00bfCobran por realizar un presupuesto?<\/h4>\n<p>No, los presupuestos son sin cargo.<\/p>\n<h4 class=\"alternative-heading\">\u00bfPor qu\u00e9 contratar a Constru-Imos como mi empresa constructora?<\/h4>\n<p>Porque el principal objetivo para nosotros es conseguir tu satisfacci\u00f3n en los proyectos que afrontemos juntos. Ver\u00e1 desde el primer momento la gran diferencia entre otras empresas del sector y nosotros. No existe mejor publicidad que la que nos proporcionan nuestros clientes, por eso ponemos todo nuestro empe\u00f1o en prestar el mejor servicio en un entorno de cordialidad durante todo el proceso constructivo.<\/p>\n<\/div>\n<\/div><\/div><\/div><\/div><\/div><\/div>","protected":false},"excerpt":{"rendered":"<p>\u00bfQu\u00e9 tipo de construcciones y obras realizan?Nuestra empresa opera en construcciones desde 1971, en obras p\u00fablicas y privadas de distintas caracter\u00edsticas: edificios para viviendas, en propiedad horizontal, obras industriales, locales, oficinas, barrios, f\u00e1bricas, sanatorios, bancos, escuelas, viviendas, hoteles, etc.\u00bfEn qu\u00e9 lugares construyen?En\u00a0Ciudad de Buenos Aires y Provincia de Buenos Aires\u00bfQu\u00e9 experiencias tienen?Constru-Imos cuenta con m\u00e1s &hellip;<\/p>\n","protected":false},"author":1,"featured_media":0,"parent":0,"menu_order":0,"comment_status":"closed","ping_status":"closed","template":"template-builder-page.php","meta":{"footnotes":""},"class_list":["post-2355","page","type-page","status-publish","hentry"],"_links":{"self":[{"href":"https:\/\/www.constru-imos.com.ar\/empresa-constructora-buenos-aires\/wp-json\/wp\/v2\/pages\/2355","targetHints":{"allow":["GET"]}}],"collection":[{"href":"https:\/\/www.constru-imos.com.ar\/empresa-constructora-buenos-aires\/wp-json\/wp\/v2\/pages"}],"about":[{"href":"https:\/\/www.constru-imos.com.ar\/empresa-constructora-buenos-aires\/wp-json\/wp\/v2\/types\/page"}],"author":[{"embeddable":true,"href":"https:\/\/www.constru-imos.com.ar\/empresa-constructora-buenos-aires\/wp-json\/wp\/v2\/users\/1"}],"replies":[{"embeddable":true,"href":"https:\/\/www.constru-imos.com.ar\/empresa-constructora-buenos-aires\/wp-json\/wp\/v2\/comments?post=2355"}],"version-history":[{"count":6,"href":"https:\/\/www.constru-imos.com.ar\/empresa-constructora-buenos-aires\/wp-json\/wp\/v2\/pages\/2355\/revisions"}],"predecessor-version":[{"id":2832,"href":"https:\/\/www.constru-imos.com.ar\/empresa-constructora-buenos-aires\/wp-json\/wp\/v2\/pages\/2355\/revisions\/2832"}],"wp:attachment":[{"href":"https:\/\/www.constru-imos.com.ar\/empresa-constructora-buenos-aires\/wp-json\/wp\/v2\/media?parent=2355"}],"curies":[{"name":"wp","href":"https:\/\/api.w.org\/{rel}","templated":true}]}}