{"id":49,"date":"2014-10-23T08:32:31","date_gmt":"2014-10-23T08:32:31","guid":{"rendered":"http:\/\/xml-io.proteusthemes.com\/buildpress\/?page_id=49"},"modified":"2017-08-21T17:53:16","modified_gmt":"2017-08-21T20:53:16","slug":"our-services","status":"publish","type":"page","link":"https:\/\/www.constru-imos.com.ar\/empresa-constructora-buenos-aires\/our-services\/","title":{"rendered":"Servicios"},"content":{"rendered":"<div id=\"pl-49\"  class=\"panel-layout\" ><div id=\"pg-49-0\"  class=\"panel-grid panel-no-style\" ><div id=\"pgc-49-0-0\"  class=\"panel-grid-cell\" ><div id=\"panel-49-0-0-0\" class=\"so-panel widget widget_black-studio-tinymce widget_black_studio_tinymce panel-first-child panel-last-child\" data-index=\"0\" ><div class=\"textwidget\"><p><img loading=\"lazy\" decoding=\"async\" class=\"alignleft size-full wp-image-117\" src=\"https:\/\/www.constru-imos.com.ar\/empresa-constructora-buenos-aires\/wp-content\/uploads\/2014\/10\/content_21.jpg\" alt=\"\" width=\"1140\" height=\"640\" srcset=\"https:\/\/www.constru-imos.com.ar\/empresa-constructora-buenos-aires\/wp-content\/uploads\/2014\/10\/content_21.jpg 1140w, https:\/\/www.constru-imos.com.ar\/empresa-constructora-buenos-aires\/wp-content\/uploads\/2014\/10\/content_21-600x337.jpg 600w, https:\/\/www.constru-imos.com.ar\/empresa-constructora-buenos-aires\/wp-content\/uploads\/2014\/10\/content_21-300x168.jpg 300w, https:\/\/www.constru-imos.com.ar\/empresa-constructora-buenos-aires\/wp-content\/uploads\/2014\/10\/content_21-768x431.jpg 768w, https:\/\/www.constru-imos.com.ar\/empresa-constructora-buenos-aires\/wp-content\/uploads\/2014\/10\/content_21-1024x575.jpg 1024w, https:\/\/www.constru-imos.com.ar\/empresa-constructora-buenos-aires\/wp-content\/uploads\/2014\/10\/content_21-555x312.jpg 555w\" sizes=\"auto, (max-width: 1140px) 100vw, 1140px\" \/><\/p>\n<\/div><\/div><\/div><div id=\"pgc-49-0-1\"  class=\"panel-grid-cell\" ><div id=\"panel-49-0-1-0\" class=\"so-panel widget widget_black-studio-tinymce widget_black_studio_tinymce panel-first-child panel-last-child\" data-index=\"1\" ><div class=\"panel-widget-style panel-widget-style-for-49-0-1-0\" ><div class=\"textwidget\"><p>Realizamos presupuestos de obras de diversas envergaduras. por mano de obra o incluyendo materiales; aceptando M2 en parte de pago.<\/p>\n<p>Estamos capacitados para ejecutar tareas de: excavaci\u00f3n y submuraci\u00f3n, alba\u00f1iler\u00eda, estructuras de hormig\u00f3n armado in situ o premoldeado, estructuras de hierro, techos met\u00e1licos, parab\u00f3licos y de tejas, construcciones en seco: durlock, ladrillo, cielorrasos suspendidos termoac\u00fasticos, instalaciones sanitarias, instalaciones de gas, instalaciones el\u00e9ctricas, colocaciones de revestimientos, yeser\u00eda, pintura, carpinter\u00edas integrales de aluminio, de hierro y madera, aire acondicionado, etc.<\/p>\n<p>Contamos con asesores profesionales para proyectos de arquitectura, estudios de marcado y factibilidad, c\u00e1lculos de estructuras, an\u00e1lisis de suelos, administraci\u00f3n y documentaci\u00f3n de obra.<\/p>\n<\/div><\/div><\/div><\/div><\/div><div id=\"pg-49-1\"  class=\"panel-grid panel-no-style\" ><div id=\"pgc-49-1-0\"  class=\"panel-grid-cell\" ><div id=\"panel-49-1-0-0\" class=\"so-panel widget widget_black-studio-tinymce widget_black_studio_tinymce panel-first-child\" data-index=\"2\" ><div class=\"panel-widget-style panel-widget-style-for-49-1-0-0\" ><div class=\"textwidget\"><p><img loading=\"lazy\" decoding=\"async\" src=\"https:\/\/www.constru-imos.com.ar\/empresa-constructora-buenos-aires\/wp-content\/uploads\/2014\/10\/content_24-1024x575.jpg\" alt=\"Excavaci\u00f3n\" width=\"1024\" height=\"575\" class=\"alignleft size-large wp-image-115\" srcset=\"https:\/\/www.constru-imos.com.ar\/empresa-constructora-buenos-aires\/wp-content\/uploads\/2014\/10\/content_24-1024x575.jpg 1024w, https:\/\/www.constru-imos.com.ar\/empresa-constructora-buenos-aires\/wp-content\/uploads\/2014\/10\/content_24-600x337.jpg 600w, https:\/\/www.constru-imos.com.ar\/empresa-constructora-buenos-aires\/wp-content\/uploads\/2014\/10\/content_24-300x168.jpg 300w, https:\/\/www.constru-imos.com.ar\/empresa-constructora-buenos-aires\/wp-content\/uploads\/2014\/10\/content_24-768x431.jpg 768w, https:\/\/www.constru-imos.com.ar\/empresa-constructora-buenos-aires\/wp-content\/uploads\/2014\/10\/content_24-555x312.jpg 555w, https:\/\/www.constru-imos.com.ar\/empresa-constructora-buenos-aires\/wp-content\/uploads\/2014\/10\/content_24.jpg 1140w\" sizes=\"auto, (max-width: 1024px) 100vw, 1024px\" \/><\/p>\n<\/div><\/div><\/div><div id=\"panel-49-1-0-1\" class=\"so-panel widget widget_black-studio-tinymce widget_black_studio_tinymce panel-last-child\" data-index=\"3\" ><h3 class=\"widget-title\">Excavaci\u00f3n<\/h3><div class=\"textwidget\"><div id=\"lipsum\">\n<p>La excavaci\u00f3n es el movimiento de tierras realizado a cielo abierto y por medios manuales, utilizando pico y palas, o en forma mec\u00e1nica con excavadoras, y cuyo objeto consiste en alcanzar el plano de arranque de la edificaci\u00f3n, es decir las cimentaciones<\/p>\n<p>La excavaci\u00f3n puede ser: <strong>Desmonte<\/strong>, <strong>Vaciado<\/strong>\u00a0o <strong>Terraplenado<\/strong>.<\/p>\n<\/div>\n<\/div><\/div><\/div><div id=\"pgc-49-1-1\"  class=\"panel-grid-cell\" ><div id=\"panel-49-1-1-0\" class=\"so-panel widget widget_black-studio-tinymce widget_black_studio_tinymce panel-first-child\" data-index=\"4\" ><div class=\"panel-widget-style panel-widget-style-for-49-1-1-0\" ><div class=\"textwidget\"><p><img loading=\"lazy\" decoding=\"async\" src=\"https:\/\/www.constru-imos.com.ar\/empresa-constructora-buenos-aires\/wp-content\/uploads\/2014\/10\/content_25-1024x575.jpg\" alt=\"Alba\u00f1iler\u00eda\" width=\"1024\" height=\"575\" class=\"alignleft size-large wp-image-114\" srcset=\"https:\/\/www.constru-imos.com.ar\/empresa-constructora-buenos-aires\/wp-content\/uploads\/2014\/10\/content_25-1024x575.jpg 1024w, https:\/\/www.constru-imos.com.ar\/empresa-constructora-buenos-aires\/wp-content\/uploads\/2014\/10\/content_25-600x337.jpg 600w, https:\/\/www.constru-imos.com.ar\/empresa-constructora-buenos-aires\/wp-content\/uploads\/2014\/10\/content_25-300x168.jpg 300w, https:\/\/www.constru-imos.com.ar\/empresa-constructora-buenos-aires\/wp-content\/uploads\/2014\/10\/content_25-768x431.jpg 768w, https:\/\/www.constru-imos.com.ar\/empresa-constructora-buenos-aires\/wp-content\/uploads\/2014\/10\/content_25-555x312.jpg 555w, https:\/\/www.constru-imos.com.ar\/empresa-constructora-buenos-aires\/wp-content\/uploads\/2014\/10\/content_25.jpg 1140w\" sizes=\"auto, (max-width: 1024px) 100vw, 1024px\" \/><\/p>\n<\/div><\/div><\/div><div id=\"panel-49-1-1-1\" class=\"so-panel widget widget_black-studio-tinymce widget_black_studio_tinymce panel-last-child\" data-index=\"5\" ><h3 class=\"widget-title\">Alba\u00f1iler\u00eda<\/h3><div class=\"textwidget\"><div id=\"lipsum\">\n<p>La alba\u00f1iler\u00eda es un oficio fundamental en la construcci\u00f3n y exige una buena preparaci\u00f3n para poder realizar todas las actividades que componen su ejercicio profesional.<\/p>\n<p>Es un oficio muy antiguo para el cual hay que tener unos conocimientos elementales que permitan entender e interpretar los planos sobre los que vamos a trabajar y construir los elementos constructivos en ellos representados.<\/p>\n<\/div>\n<\/div><\/div><\/div><div id=\"pgc-49-1-2\"  class=\"panel-grid-cell\" ><div id=\"panel-49-1-2-0\" class=\"so-panel widget widget_black-studio-tinymce widget_black_studio_tinymce panel-first-child\" data-index=\"6\" ><div class=\"panel-widget-style panel-widget-style-for-49-1-2-0\" ><div class=\"textwidget\"><p><img loading=\"lazy\" decoding=\"async\" src=\"https:\/\/www.constru-imos.com.ar\/empresa-constructora-buenos-aires\/wp-content\/uploads\/2014\/10\/content_03-1024x575.jpg\" alt=\"Revestimientos\" width=\"1024\" height=\"575\" class=\"alignleft size-large wp-image-54\" srcset=\"https:\/\/www.constru-imos.com.ar\/empresa-constructora-buenos-aires\/wp-content\/uploads\/2014\/10\/content_03-1024x575.jpg 1024w, https:\/\/www.constru-imos.com.ar\/empresa-constructora-buenos-aires\/wp-content\/uploads\/2014\/10\/content_03-600x337.jpg 600w, https:\/\/www.constru-imos.com.ar\/empresa-constructora-buenos-aires\/wp-content\/uploads\/2014\/10\/content_03-300x168.jpg 300w, https:\/\/www.constru-imos.com.ar\/empresa-constructora-buenos-aires\/wp-content\/uploads\/2014\/10\/content_03-768x431.jpg 768w, https:\/\/www.constru-imos.com.ar\/empresa-constructora-buenos-aires\/wp-content\/uploads\/2014\/10\/content_03-555x312.jpg 555w, https:\/\/www.constru-imos.com.ar\/empresa-constructora-buenos-aires\/wp-content\/uploads\/2014\/10\/content_03.jpg 1140w\" sizes=\"auto, (max-width: 1024px) 100vw, 1024px\" \/><\/p>\n<\/div><\/div><\/div><div id=\"panel-49-1-2-1\" class=\"so-panel widget widget_black-studio-tinymce widget_black_studio_tinymce panel-last-child\" data-index=\"7\" ><h3 class=\"widget-title\">Revestimientos<\/h3><div class=\"textwidget\"><div id=\"lipsum\">\n<p>Los Revestimientos son las terminaciones superficiales, que otorgan continuidad, sirven de decoraci\u00f3n y protecci\u00f3n.<\/p>\n<p>Podr\u00eda decirse que son la piel que cubre tanto fachadas como paredes interiores de edificios.<\/p>\n<\/div>\n<\/div><\/div><\/div><\/div><div id=\"pg-49-2\"  class=\"panel-grid panel-no-style\" ><div id=\"pgc-49-2-0\"  class=\"panel-grid-cell\" ><div id=\"panel-49-2-0-0\" class=\"so-panel widget widget_black-studio-tinymce widget_black_studio_tinymce panel-first-child\" data-index=\"8\" ><div class=\"panel-widget-style panel-widget-style-for-49-2-0-0\" ><div class=\"textwidget\"><p><img loading=\"lazy\" decoding=\"async\" src=\"https:\/\/www.constru-imos.com.ar\/empresa-constructora-buenos-aires\/wp-content\/uploads\/2014\/10\/content_01-1024x575.jpg\" alt=\"Construcciones en seco\" width=\"1024\" height=\"575\" class=\"alignleft size-large wp-image-56\" srcset=\"https:\/\/www.constru-imos.com.ar\/empresa-constructora-buenos-aires\/wp-content\/uploads\/2014\/10\/content_01-1024x575.jpg 1024w, https:\/\/www.constru-imos.com.ar\/empresa-constructora-buenos-aires\/wp-content\/uploads\/2014\/10\/content_01-600x337.jpg 600w, https:\/\/www.constru-imos.com.ar\/empresa-constructora-buenos-aires\/wp-content\/uploads\/2014\/10\/content_01-300x168.jpg 300w, https:\/\/www.constru-imos.com.ar\/empresa-constructora-buenos-aires\/wp-content\/uploads\/2014\/10\/content_01-768x431.jpg 768w, https:\/\/www.constru-imos.com.ar\/empresa-constructora-buenos-aires\/wp-content\/uploads\/2014\/10\/content_01-555x312.jpg 555w, https:\/\/www.constru-imos.com.ar\/empresa-constructora-buenos-aires\/wp-content\/uploads\/2014\/10\/content_01.jpg 1140w\" sizes=\"auto, (max-width: 1024px) 100vw, 1024px\" \/><\/p>\n<\/div><\/div><\/div><div id=\"panel-49-2-0-1\" class=\"so-panel widget widget_black-studio-tinymce widget_black_studio_tinymce panel-last-child\" data-index=\"9\" ><h3 class=\"widget-title\">Construcci\u00f3n en seco<\/h3><div class=\"textwidget\"><p>La construcci\u00f3n en seco sustituye con elementos secos o prefabricados, la mayor cantidad de componentes h\u00famedos que tradicionalmente conforman una obra, tales como el hormig\u00f3n armado, morteros, yesos, las mamposter\u00edas y todo material que condicione con su tiempo de frag\u00fce el r\u00e1pido avance de la obra.<\/p>\n<p>Este tipo de construcci\u00f3n disminuye considerablemente el tiempo y los escombro en las obras.<\/p>\n<\/div><\/div><\/div><div id=\"pgc-49-2-1\"  class=\"panel-grid-cell panel-grid-cell-mobile-last\" ><div id=\"panel-49-2-1-0\" class=\"so-panel widget widget_black-studio-tinymce widget_black_studio_tinymce panel-first-child\" data-index=\"10\" ><div class=\"panel-widget-style panel-widget-style-for-49-2-1-0\" ><div class=\"textwidget\"><p><img loading=\"lazy\" decoding=\"async\" src=\"https:\/\/www.constru-imos.com.ar\/empresa-constructora-buenos-aires\/wp-content\/uploads\/2014\/10\/content_06-1024x575.jpg\" alt=\"Yeser\u00eda, Pintura\" width=\"1024\" height=\"575\" class=\"alignleft size-large wp-image-81\" srcset=\"https:\/\/www.constru-imos.com.ar\/empresa-constructora-buenos-aires\/wp-content\/uploads\/2014\/10\/content_06-1024x575.jpg 1024w, https:\/\/www.constru-imos.com.ar\/empresa-constructora-buenos-aires\/wp-content\/uploads\/2014\/10\/content_06-600x337.jpg 600w, https:\/\/www.constru-imos.com.ar\/empresa-constructora-buenos-aires\/wp-content\/uploads\/2014\/10\/content_06-300x168.jpg 300w, https:\/\/www.constru-imos.com.ar\/empresa-constructora-buenos-aires\/wp-content\/uploads\/2014\/10\/content_06-768x431.jpg 768w, https:\/\/www.constru-imos.com.ar\/empresa-constructora-buenos-aires\/wp-content\/uploads\/2014\/10\/content_06-555x312.jpg 555w, https:\/\/www.constru-imos.com.ar\/empresa-constructora-buenos-aires\/wp-content\/uploads\/2014\/10\/content_06.jpg 1140w\" sizes=\"auto, (max-width: 1024px) 100vw, 1024px\" \/><\/p>\n<\/div><\/div><\/div><div id=\"panel-49-2-1-1\" class=\"so-panel widget widget_black-studio-tinymce widget_black_studio_tinymce panel-last-child\" data-index=\"11\" ><h3 class=\"widget-title\">Yeser\u00eda<\/h3><div class=\"textwidget\"><div id=\"lipsum\">\n<p>El Yeso se utiliza habitualmente como una base lisa para la decoraci\u00f3n posterior. Sus tonos c\u00e1lidos y suaves, con el aspecto mate de las paredes al fresco crean ambientes acogedores y naturales.<\/p>\n<p>Su uso se limita a paredes, techos y planos verticales como columnas y soportes estructurales.\u00a0Es un material blando, y algo soluble en agua, por lo cual no puede emplearse al exterior.<\/p>\n<\/div>\n<\/div><\/div><\/div><div id=\"pgc-49-2-2\"  class=\"panel-grid-cell panel-grid-cell-empty\" ><\/div><\/div><\/div>","protected":false},"excerpt":{"rendered":"<p>Realizamos presupuestos de obras de diversas envergaduras. por mano de obra o incluyendo materiales; aceptando M2 en parte de pago.Estamos capacitados para ejecutar tareas de: excavaci\u00f3n y submuraci\u00f3n, alba\u00f1iler\u00eda, estructuras de hormig\u00f3n armado in situ o premoldeado, estructuras de hierro, techos met\u00e1licos, parab\u00f3licos y de tejas, construcciones en seco: durlock, ladrillo, cielorrasos suspendidos termoac\u00fasticos, instalaciones &hellip;<\/p>\n","protected":false},"author":1,"featured_media":0,"parent":0,"menu_order":0,"comment_status":"closed","ping_status":"open","template":"","meta":{"footnotes":""},"class_list":["post-49","page","type-page","status-publish","hentry"],"_links":{"self":[{"href":"https:\/\/www.constru-imos.com.ar\/empresa-constructora-buenos-aires\/wp-json\/wp\/v2\/pages\/49","targetHints":{"allow":["GET"]}}],"collection":[{"href":"https:\/\/www.constru-imos.com.ar\/empresa-constructora-buenos-aires\/wp-json\/wp\/v2\/pages"}],"about":[{"href":"https:\/\/www.constru-imos.com.ar\/empresa-constructora-buenos-aires\/wp-json\/wp\/v2\/types\/page"}],"author":[{"embeddable":true,"href":"https:\/\/www.constru-imos.com.ar\/empresa-constructora-buenos-aires\/wp-json\/wp\/v2\/users\/1"}],"replies":[{"embeddable":true,"href":"https:\/\/www.constru-imos.com.ar\/empresa-constructora-buenos-aires\/wp-json\/wp\/v2\/comments?post=49"}],"version-history":[{"count":16,"href":"https:\/\/www.constru-imos.com.ar\/empresa-constructora-buenos-aires\/wp-json\/wp\/v2\/pages\/49\/revisions"}],"predecessor-version":[{"id":2741,"href":"https:\/\/www.constru-imos.com.ar\/empresa-constructora-buenos-aires\/wp-json\/wp\/v2\/pages\/49\/revisions\/2741"}],"wp:attachment":[{"href":"https:\/\/www.constru-imos.com.ar\/empresa-constructora-buenos-aires\/wp-json\/wp\/v2\/media?parent=49"}],"curies":[{"name":"wp","href":"https:\/\/api.w.org\/{rel}","templated":true}]}}